{"id":6,"date":"2015-03-25T10:10:35","date_gmt":"2015-03-25T10:10:35","guid":{"rendered":"http:\/\/wabe-stuttgart.de\/cms\/?page_id=6"},"modified":"2016-05-14T22:44:34","modified_gmt":"2016-05-14T22:44:34","slug":"generationenhaus-heslach","status":"publish","type":"page","link":"https:\/\/wabe-stuttgart.de\/cms\/wohnprojekte\/generationenhaus-heslach\/","title":{"rendered":"Generationenhaus Heslach"},"content":{"rendered":"<div class='content-column one_half'><p><strong>Nachbarschaftlicher Raum f\u00fcr Begegnungen<\/strong><\/p>\n<p>Im Generationenhaus Heslach der Rudolf Schmid und Hermann Schmid Stiftung im Stuttgarter S\u00fcden im Gebr\u00fcder-Schmid-Weg 11 leben seit August 2001 f\u00fcnf Frauen \u2013 alle Mitglieder im Verein Wabe e. V. Beim Einzug waren sie im Alter von 30 bis 70 Jahren. Sie bewohnen im Obergeschoss f\u00fcnf Appartement-Wohnungen und begreifen sich als aktive Hausgemeinschaft. Die Frauen unterst\u00fctzen sich gegenseitig und lernen sich durch gemeinsame Unternehmungen besser kennen.<\/p>\n<p>Das Generationenhaus Heslach ist ein Haus mit vielf\u00e4ltigen Dienstleistungsangeboten f\u00fcr j\u00fcngere und \u00e4ltere Menschen. Es gibt ein Pflegezentrum, ein Familien- und Nachbarschaftszentrum sowie vielf\u00e4ltige Beratungs- und Versorgungsangebote f\u00fcr alle B\u00fcrger\/innen im Quartier. Dar\u00fcber hinaus hat das <a href=\"http:\/\/www.gebrueder-schmid-zentrum.de\/\" target=\"_blank\">Gebr\u00fcder Schmid Zentrum<\/a> die von der Stadt Stuttgart bereitgestellte Koordination von rund 60 Initiativen, Vereinen und Dienstleistungsbereichen \u00fcbernommen. Dort werden die Aktivit\u00e4ten von mehr rund 4.000 verschiedenen Veranstaltungen der unterschiedlichen Initiativen j\u00e4hrlich vernetzt und verkn\u00fcpft. Des Weiteren wird vom Gebr\u00fcder Schmid Zentrum das <a href=\"http:\/\/www.gebrueder-schmid-zentrum.de\/cafe-nachbarschafft\/\" target=\"_blank\">\u201eCaf\u00e9 Nachbarschafft\u201c<\/a> gef\u00fchrt, das t\u00e4glich f\u00fcr alle Bewohner\/innen des Generationenhauses und f\u00fcr alle Bewohner\/innen im Stadtteil und von ganz Stuttgart ge\u00f6ffnet ist.<\/p>\n<p>Zudem gibt es einen Initiativenrat, bei dem der Wabe e. V. von Anfang an Mitglied ist. Im Gebr\u00fcder Schmid Zentrum finden auch regelm\u00e4\u00dfig die Treffen und Teamsitzungen des Wabe e. V. statt.<\/p>\n<p>Eine aufschlussreiche Beschreibung \u00fcber das Generationenhaus und unserer langj\u00e4hrigen Wabe-Hausgemeinschaft steht ebenfalls im <a href=\"http:\/\/wabe-stuttgart.de\/cms\/wp-content\/uploads\/2015\/05\/Wabe-Blattle_13_web_3_120215.pdf\" target=\"_blank\">Wabe Bl\u00e4ttle Nr. 13 Seite 10<\/a>.<\/p>\n<p><strong>In eigener Sache<\/strong><\/p>\n<p>2015 starb sehr zu unserem Leid eine Mitbewohnerin, die unsere Hausgemeinschaft von Anfang an gepr\u00e4gt hat: Marlies Pilz, die uns jetzt sehr fehlt. Nachgezogen ist Bernd Lange \u2013 nun sind die<br \/>\n\u201eWeiber\u201c nicht mehr unter sich.<\/p><\/div>\n<div class='content-column one_half last_column'><a href=\"http:\/\/wabe-stuttgart.de\/cms\/wp-content\/uploads\/2015\/09\/IMG_1364-e1446450827793.jpg\"><img loading=\"lazy\" decoding=\"async\" class=\"aligncenter wp-image-115\" src=\"http:\/\/wabe-stuttgart.de\/cms\/wp-content\/uploads\/2015\/09\/IMG_1364-e1446450827793.jpg\" alt=\"IMG_1364\" width=\"393\" height=\"221\" \/><\/a><br \/>\n<a href=\"http:\/\/wabe-stuttgart.de\/cms\/wp-content\/uploads\/2015\/10\/wabe_hp_generationenhausheslach_2.jpg\" rel=\"attachment wp-att-390\"><img loading=\"lazy\" decoding=\"async\" class=\"aligncenter wp-image-390\" src=\"http:\/\/wabe-stuttgart.de\/cms\/wp-content\/uploads\/2015\/10\/wabe_hp_generationenhausheslach_2-300x200.jpg\" alt=\"wabe_hp_generationenhausheslach_2\" width=\"393\" height=\"262\" srcset=\"https:\/\/wabe-stuttgart.de\/cms\/wp-content\/uploads\/2015\/10\/wabe_hp_generationenhausheslach_2-300x200.jpg 300w, https:\/\/wabe-stuttgart.de\/cms\/wp-content\/uploads\/2015\/10\/wabe_hp_generationenhausheslach_2.jpg 573w\" sizes=\"(max-width: 393px) 100vw, 393px\" \/><\/a><\/p><\/div><div class='clear_column'><\/div>\n","protected":false},"excerpt":{"rendered":"","protected":false},"author":1,"featured_media":0,"parent":57,"menu_order":0,"comment_status":"closed","ping_status":"open","template":"","meta":{"footnotes":""},"_links":{"self":[{"href":"https:\/\/wabe-stuttgart.de\/cms\/wp-json\/wp\/v2\/pages\/6"}],"collection":[{"href":"https:\/\/wabe-stuttgart.de\/cms\/wp-json\/wp\/v2\/pages"}],"about":[{"href":"https:\/\/wabe-stuttgart.de\/cms\/wp-json\/wp\/v2\/types\/page"}],"author":[{"embeddable":true,"href":"https:\/\/wabe-stuttgart.de\/cms\/wp-json\/wp\/v2\/users\/1"}],"replies":[{"embeddable":true,"href":"https:\/\/wabe-stuttgart.de\/cms\/wp-json\/wp\/v2\/comments?post=6"}],"version-history":[{"count":21,"href":"https:\/\/wabe-stuttgart.de\/cms\/wp-json\/wp\/v2\/pages\/6\/revisions"}],"predecessor-version":[{"id":831,"href":"https:\/\/wabe-stuttgart.de\/cms\/wp-json\/wp\/v2\/pages\/6\/revisions\/831"}],"up":[{"embeddable":true,"href":"https:\/\/wabe-stuttgart.de\/cms\/wp-json\/wp\/v2\/pages\/57"}],"wp:attachment":[{"href":"https:\/\/wabe-stuttgart.de\/cms\/wp-json\/wp\/v2\/media?parent=6"}],"curies":[{"name":"wp","href":"https:\/\/api.w.org\/{rel}","templated":true}]}}