{"id":27,"date":"2015-03-25T12:42:41","date_gmt":"2015-03-25T12:42:41","guid":{"rendered":"http:\/\/wabe-stuttgart.de\/cms\/?page_id=27"},"modified":"2017-09-01T12:55:14","modified_gmt":"2017-09-01T12:55:14","slug":"wabe-entwicklung","status":"publish","type":"page","link":"https:\/\/wabe-stuttgart.de\/cms\/wabe-entwicklung\/","title":{"rendered":"Entwicklung"},"content":{"rendered":"<div id=\"tabs\">\n<ul>\n<li><a href=\"#tabs-1\">Werden und Wachsen<\/a><\/li>\n<li><a href=\"#tabs-2\">Kooperationspartnerschaft<\/a><\/li>\n<\/ul>\n<div class='content-column one_half'><div id=\"tabs-1\">\n<h2>Werden und Wachsen<\/h2>\n<p>Der Verein Wabe e. V. wurde im Oktober 1991 gegr\u00fcndet und ist gemeinn\u00fctzig anerkannt. Es dauerte bis etwa 1998, bis sich erste Wohnprojekte herauskristallisierten. In der Folgezeit begann die Suche nach Standorten.<\/p>\n<p>Mitte der 1990er Jahre schrieb die Stadt Stuttgart einen Planungswettbewerb f\u00fcr das Gebiet des Burgholzhofes als Umwandlung vom ehemaligen Milit\u00e4rgel\u00e4nde aus. Der Gemeinderat und die Stadtverwaltung stellten kleine Rand-Grundst\u00fccke f\u00fcr alternative Wohnformen zur Verf\u00fcgung. Daraus ergab sich die Chance f\u00fcr das erste Wabe-Wohnprojekt mit 3 Eigentums- und 12 Mietwohnungen mit sozialer Landesbauf\u00f6rderung.<\/p>\n<p>Auf den Nachbargrundst\u00fccken zum ersten bezogenen Wohnprojekt <a href=\"http:\/\/wabe-stuttgart.de\/cms\/?page_id=10\" target=\"_blank\" rel=\"noopener noreferrer\">Haus WABE<\/a> entstand im Jahre 2005 weiterhin das <a href=\"http:\/\/wabe-stuttgart.de\/cms\/?page_id=153\" target=\"_blank\" rel=\"noopener noreferrer\">Haus MOBILE<\/a> mit 10 Eigentums- und 14 Mietwohnungen, u. a. mit st\u00e4dtischer F\u00f6rderung f\u00fcr junge Familien. Und im Jahre 2009 konnten die zwei miteinander verbundenen Punkth\u00e4user vom <a href=\"http:\/\/wabe-stuttgart.de\/cms\/?page_id=156\" target=\"_blank\" rel=\"noopener noreferrer\">Projekt MOSAIK<\/a> mit 15 Eigentums- und 13 Mietwohnungen mit teilweise unterschiedlichen finanziellen F\u00f6rderungen bezogen werden.<\/p>\n<p>Eine gro\u00dfz\u00fcgige Spende der <a href=\"http:\/\/www.schmid-stiftung.de\/\" target=\"_blank\" rel=\"noopener noreferrer\">Rudolf Schmid und Hermann Schmid Stiftung<\/a> unterst\u00fctzte den Bau bzw. Umbau des Generationenhauses Heslach der Stadt Stuttgart. Infolge der guten Kontakte von Mitgliedern der Wabe e. V. zum Sozialamt konnte schon Ende 1996 eine neue Herausforderung in Angriff genommen werden: <a href=\"http:\/\/wabe-stuttgart.de\/cms\/?page_id=6\" target=\"_blank\" rel=\"noopener noreferrer\">F\u00fcnf Appartements<\/a> auf einer Etage wurden f\u00fcr \u201eWABE-Frauen\u201c reserviert. Im Sp\u00e4tsommer 2001 konnten beide Wohnprojekte bezogen werden.<\/p>\n<p>Durch Presse, Funk und Fernsehen wurden von Beginn an diese Modellprojekte in der \u00d6ffentlichkeit bekannt gemacht. Auf Fortbildungen und Seminaren wird regelm\u00e4\u00dfig \u00fcber die Erfahrungen in den Wohnprojekten berichtet. Die Wohnprojekte der Wabe e. V. sind bis heute Thema verschiedener Studien und Diplomarbeiten.<\/p>\n<\/div>\n<div id=\"tabs-2\">\n<h2>Kooperationspartnerschaft<\/h2>\n<p>Da Projektgruppen die Planung und Ausf\u00fchrung eines Projekts aus eigener Kraft nicht realisieren k\u00f6nnen, entstand die Idee einer Genossenschaft als Selbsthilfeorganisation, die die Verwirklichung gemeinschaftlicher Wohnprojekte erleichtert. \u00dcber eine Genossenschaft soll gemeinschaftliches Eigentum als wirtschaftliches Potenzial genutzt und so die Realisierung von selbstverwalteten, sozialen und \u00f6kologischen Bau- und Wohnprojekten erm\u00f6glicht werden.<\/p>\n<p>Durch die Kooperation zwischen dem Wabe e. V. und der Wohnbaugenossenschaft pro&#8230; eG im Jahr 1999 wurde die \u201epro&#8230; gemeinsam bauen und leben Wohngenossenschaft eG\u201c von Mitgliedern des Vereins Wabe e. V. gegr\u00fcndet. Im <a href=\"http:\/\/wabe-stuttgart.de\/cms\/wp-content\/uploads\/2015\/05\/Wabe-Blattle_13_web_3_120215.pdf\" target=\"_blank\" rel=\"noopener noreferrer\">Wabe-Bl\u00e4ttle Nr. 13 Seite 4<\/a> wird ausf\u00fchrlich \u00fcber die von \u201e<a href=\"http:\/\/www.pro-wohngenossenschaft.de\" target=\"_blank\" rel=\"noopener noreferrer\">pro&#8230; eG<\/a>\u201c realisierten Wohnprojekte berichtet.<\/p>\n<\/div>\n<\/div><\/div>\n<div class='content-column one_half last_column'><p><a href=\"http:\/\/wabe-stuttgart.de\/cms\/wp-content\/uploads\/2016\/04\/wabe_hp_entwicklung.jpg\" rel=\"attachment wp-att-371\"><img loading=\"lazy\" decoding=\"async\" class=\"alignright wp-image-371\" src=\"http:\/\/wabe-stuttgart.de\/cms\/wp-content\/uploads\/2016\/04\/wabe_hp_entwicklung.jpg\" alt=\"wabe_hp_entwicklung\" width=\"383\" height=\"283\" \/><\/a><\/p><\/div><div class='clear_column'><\/div>\n","protected":false},"excerpt":{"rendered":"<p>Werden und Wachsen Kooperationspartnerschaft<\/p>\n","protected":false},"author":1,"featured_media":0,"parent":0,"menu_order":0,"comment_status":"closed","ping_status":"open","template":"","meta":{"footnotes":""},"_links":{"self":[{"href":"https:\/\/wabe-stuttgart.de\/cms\/wp-json\/wp\/v2\/pages\/27"}],"collection":[{"href":"https:\/\/wabe-stuttgart.de\/cms\/wp-json\/wp\/v2\/pages"}],"about":[{"href":"https:\/\/wabe-stuttgart.de\/cms\/wp-json\/wp\/v2\/types\/page"}],"author":[{"embeddable":true,"href":"https:\/\/wabe-stuttgart.de\/cms\/wp-json\/wp\/v2\/users\/1"}],"replies":[{"embeddable":true,"href":"https:\/\/wabe-stuttgart.de\/cms\/wp-json\/wp\/v2\/comments?post=27"}],"version-history":[{"count":27,"href":"https:\/\/wabe-stuttgart.de\/cms\/wp-json\/wp\/v2\/pages\/27\/revisions"}],"predecessor-version":[{"id":712,"href":"https:\/\/wabe-stuttgart.de\/cms\/wp-json\/wp\/v2\/pages\/27\/revisions\/712"}],"wp:attachment":[{"href":"https:\/\/wabe-stuttgart.de\/cms\/wp-json\/wp\/v2\/media?parent=27"}],"curies":[{"name":"wp","href":"https:\/\/api.w.org\/{rel}","templated":true}]}}