{"id":162,"date":"2015-10-20T07:36:01","date_gmt":"2015-10-20T07:36:01","guid":{"rendered":"http:\/\/wabe-stuttgart.de\/cms\/?page_id=162"},"modified":"2016-05-14T22:43:21","modified_gmt":"2016-05-14T22:43:21","slug":"wohngemeinschaft","status":"publish","type":"page","link":"https:\/\/wabe-stuttgart.de\/cms\/wohngemeinschaft\/","title":{"rendered":"Wohngemeinschaften"},"content":{"rendered":"<div class='content-column one_half'><p><strong>Wohnen und Leben in guter Nachbarschaft<\/strong><\/p>\n<p>In Anlehnung an die Wabe-Idee sind in Scharnhausen und in Ostfildern Wohnformen entstanden, in denen ein intensives nachbarschaftliches Leben gepflegt wird.<\/p>\n<p>In Scharnhausen wurde 2008 eine Wohnanlage mit 12 seniorengerechten Mietwohnungen unter Mitgestaltung der Bewohner\/innen zum Projekt \u201eWohnen und Leben in guter Nachbarschaft\u201c umgewandelt. Der im gleichen Haus befindliche offene Treffpunkt f\u00fcr den Stadtteil kann auch f\u00fcr Nachbarschaftstreffen genutzt werden \u2013 um Probleme zu besprechen oder auch, um Ausfl\u00fcge zu organisieren. Diese Treffen finden unter Moderation der Treffpunktleiterin statt. Ziel ist es, nicht nur ein offenes Ohr f\u00fcr die Hausgemeinschaft und die Nachbarn zu haben, sondern auch kleine Hilfsdienste zu \u00fcbernehmen, die selbstverst\u00e4ndlich wie die Teilnahme an der Gemeinschaft freiwillig sind.<\/p>\n<h2>Die \u201eAltenkn\u00fcpfer&#8220;<\/h2>\n<p>Ebenso in Ostfildern im Scharnh\u00e4user Park entstand durch das Engagement von Mitgliedern der Wabe e. V. eine nachbarschaftliche Hausgemeinschaft, die der Wabe-Idee sehr nahe steht: Jung und Alt aus unterschiedlichsten Kulturen haben eine Bauherrengemeinschaft gegr\u00fcndet, aus der nach dem Einzug eine nachbarschaftlich zusammengewachsene Hausgemeinschaft wurde. Zus\u00e4tzlich haben sich die Rentner\/innen beider H\u00e4user zusammen getan, um einander im Alter beizustehen. Diese so genannten \u201e<a href=\"http:\/\/rainer-woertmann.de\/altenknuepfer\/Willkommen.html\" target=\"_blank\">Altenkn\u00fcpfer<\/a>\u201c organisieren Ausfl\u00fcge und laden Referenten zum Thema \u00c4lterwerden ein. Gerade das Unangestrengte und Zwanglose macht den Reiz dieser Wohnformen aus.<\/p><\/div>\n<div class='content-column one_half last_column'><p><a href=\"http:\/\/wabe-stuttgart.de\/cms\/wohngemeinschaft\/wabe_hp_wohngemeinschaftencut\/\" rel=\"attachment wp-att-405\"><img loading=\"lazy\" decoding=\"async\" class=\"aligncenter wp-image-405\" src=\"http:\/\/wabe-stuttgart.de\/cms\/wp-content\/uploads\/2015\/10\/wabe_hp_wohngemeinschaftencut-300x283.jpg\" alt=\"wabe_hp_wohngemeinschaften(cut)\" width=\"393\" height=\"371\" srcset=\"https:\/\/wabe-stuttgart.de\/cms\/wp-content\/uploads\/2015\/10\/wabe_hp_wohngemeinschaftencut-300x283.jpg 300w, https:\/\/wabe-stuttgart.de\/cms\/wp-content\/uploads\/2015\/10\/wabe_hp_wohngemeinschaftencut-768x725.jpg 768w, https:\/\/wabe-stuttgart.de\/cms\/wp-content\/uploads\/2015\/10\/wabe_hp_wohngemeinschaftencut.jpg 947w\" sizes=\"(max-width: 393px) 100vw, 393px\" \/><\/a><\/p><\/div><div class='clear_column'><\/div>\n","protected":false},"excerpt":{"rendered":"","protected":false},"author":1,"featured_media":0,"parent":0,"menu_order":0,"comment_status":"closed","ping_status":"closed","template":"","meta":{"footnotes":""},"_links":{"self":[{"href":"https:\/\/wabe-stuttgart.de\/cms\/wp-json\/wp\/v2\/pages\/162"}],"collection":[{"href":"https:\/\/wabe-stuttgart.de\/cms\/wp-json\/wp\/v2\/pages"}],"about":[{"href":"https:\/\/wabe-stuttgart.de\/cms\/wp-json\/wp\/v2\/types\/page"}],"author":[{"embeddable":true,"href":"https:\/\/wabe-stuttgart.de\/cms\/wp-json\/wp\/v2\/users\/1"}],"replies":[{"embeddable":true,"href":"https:\/\/wabe-stuttgart.de\/cms\/wp-json\/wp\/v2\/comments?post=162"}],"version-history":[{"count":16,"href":"https:\/\/wabe-stuttgart.de\/cms\/wp-json\/wp\/v2\/pages\/162\/revisions"}],"predecessor-version":[{"id":545,"href":"https:\/\/wabe-stuttgart.de\/cms\/wp-json\/wp\/v2\/pages\/162\/revisions\/545"}],"wp:attachment":[{"href":"https:\/\/wabe-stuttgart.de\/cms\/wp-json\/wp\/v2\/media?parent=162"}],"curies":[{"name":"wp","href":"https:\/\/api.w.org\/{rel}","templated":true}]}}