{"id":153,"date":"2015-10-20T07:31:53","date_gmt":"2015-10-20T07:31:53","guid":{"rendered":"http:\/\/wabe-stuttgart.de\/cms\/?page_id=153"},"modified":"2016-05-14T22:45:05","modified_gmt":"2016-05-14T22:45:05","slug":"haus-mobile","status":"publish","type":"page","link":"https:\/\/wabe-stuttgart.de\/cms\/wohnprojekte\/haus-mobile\/","title":{"rendered":"Haus MOBILE"},"content":{"rendered":"<div class='content-column one_half'><div>\n<div>\n<p><strong>Alt und Jung leben, wohnen und spielen gemeinsam<\/strong><\/p>\n<p>Ein Traum wurde wahr: Seit 2005 existiert auf dem Burgholzhof au\u00dfer dem Haus WABE ein zweites Wohnprojekt &#8211; das Haus MOBILE.<\/p>\n<p>Mit 24 Wohneinheiten ist es deutlich gr\u00f6\u00dfer als das erste Wabe-Haus. Es hat sich dort ein sehr vielf\u00e4ltiges Zusammenleben entwickelt. In kleineren Interessengruppen haben sich sportlich und kulturell Interessierte zusammen gefunden. Ungef\u00e4hr alle zwei Monate trifft sich die Hausgemeinschaft, bespricht Themen, die f\u00fcr alle relevant sind und beschlie\u00dft \u00fcber gemeinsame Anschaffungen. Dabei ist es von gro\u00dfer Bedeutung, dass auf gro\u00dfz\u00fcgig konzipierte Gemeinschaftsr\u00e4ume zur\u00fcckgegriffen werden kann. Eine weitere Konstante ist eine gemeinsam verbrachte Reisefreizeit in den Pfingstferien mit \u00fcber 50 Personen.<\/p>\n<p>Auch die Anbindung an den Stadtteil wird gepflegt: Einmal im Jahr veranstaltet das hauseigene Theater ein Theatercaf\u00e9 \u2013 f\u00fcr die Bewohner und alle Nachbarn auf dem Burgholzhof. Gespielt wird ein St\u00fcck f\u00fcr Kinder.<\/p>\n<p>Weitere Informationen \u00fcber das Haus befinden sich ebenfalls im <a href=\"http:\/\/wabe-stuttgart.de\/cms\/wp-content\/uploads\/2015\/05\/Wabe-Blattle_13_web_3_120215.pdf\" target=\"_blank\" rel=\"\">Wabe Bl\u00e4ttle Nr. 13 Seite 9<\/a>.<\/p>\n<h2><\/div><\/h2>\n<div class='content-column one_half last_column'><p><a href=\"http:\/\/wabe-stuttgart.de\/cms\/wp-content\/uploads\/2015\/09\/IMG_1363-e1446452162637.jpg\"><img loading=\"lazy\" decoding=\"async\" class=\"aligncenter wp-image-114\" src=\"http:\/\/wabe-stuttgart.de\/cms\/wp-content\/uploads\/2015\/09\/IMG_1363-e1446452162637.jpg\" alt=\"IMG_1363\" width=\"393\" height=\"221\" \/><\/a><\/p>\n<p><a href=\"http:\/\/wabe-stuttgart.de\/cms\/wp-content\/uploads\/2015\/09\/IMG_1354-e1446452321946.jpg\"><img loading=\"lazy\" decoding=\"async\" class=\"aligncenter wp-image-112\" src=\"http:\/\/wabe-stuttgart.de\/cms\/wp-content\/uploads\/2015\/09\/IMG_1354-e1446452321946.jpg\" alt=\"IMG_1354\" width=\"393\" height=\"221\" \/><\/a><\/p><\/div><div class='clear_column'><\/div>\n<\/div>\n<\/div>\n","protected":false},"excerpt":{"rendered":"","protected":false},"author":1,"featured_media":0,"parent":57,"menu_order":0,"comment_status":"closed","ping_status":"closed","template":"","meta":{"footnotes":""},"_links":{"self":[{"href":"https:\/\/wabe-stuttgart.de\/cms\/wp-json\/wp\/v2\/pages\/153"}],"collection":[{"href":"https:\/\/wabe-stuttgart.de\/cms\/wp-json\/wp\/v2\/pages"}],"about":[{"href":"https:\/\/wabe-stuttgart.de\/cms\/wp-json\/wp\/v2\/types\/page"}],"author":[{"embeddable":true,"href":"https:\/\/wabe-stuttgart.de\/cms\/wp-json\/wp\/v2\/users\/1"}],"replies":[{"embeddable":true,"href":"https:\/\/wabe-stuttgart.de\/cms\/wp-json\/wp\/v2\/comments?post=153"}],"version-history":[{"count":21,"href":"https:\/\/wabe-stuttgart.de\/cms\/wp-json\/wp\/v2\/pages\/153\/revisions"}],"predecessor-version":[{"id":524,"href":"https:\/\/wabe-stuttgart.de\/cms\/wp-json\/wp\/v2\/pages\/153\/revisions\/524"}],"up":[{"embeddable":true,"href":"https:\/\/wabe-stuttgart.de\/cms\/wp-json\/wp\/v2\/pages\/57"}],"wp:attachment":[{"href":"https:\/\/wabe-stuttgart.de\/cms\/wp-json\/wp\/v2\/media?parent=153"}],"curies":[{"name":"wp","href":"https:\/\/api.w.org\/{rel}","templated":true}]}}